{"id":1049,"date":"2024-12-24T12:24:36","date_gmt":"2024-12-24T11:24:36","guid":{"rendered":"https:\/\/wedliny-tonowo.pl\/?post_type=product&#038;p=1049"},"modified":"2024-12-24T12:59:27","modified_gmt":"2024-12-24T11:59:27","slug":"szynka-biala-parzona-50-pln-kg","status":"publish","type":"product","link":"https:\/\/wedliny-tonowo.pl\/?product=szynka-biala-parzona-50-pln-kg","title":{"rendered":"Szynka bia\u0142a parzona 50,- PLN\/kg"},"content":{"rendered":"<p>Sk\u0142ad: \u015bwie\u017ce mi\u0119so wieprzowe przyprawy u\u017cyte do sporz\u0105dzenia zalewy li\u015b\u0107 laurowy, ja\u0142owiec, czosnek, pieprz s\u00f3l. Szynka bia\u0142a sw\u00f3j charakterystyczny, jasny kolor zawdzi\u0119cza procesowi przygotowania. Parzona, a nie w\u0119dzona, dzi\u0119ki czemu jej powierzchnia nie br\u0105zowieje, a mi\u0119so nabiera wyj\u0105tkowej soczysto\u015bci.<\/p>\n","protected":false},"excerpt":{"rendered":"<p>Sk\u0142ad: \u015bwie\u017ce mi\u0119so wieprzowe przyprawy u\u017cyte do sporz\u0105dzenia zalewy li\u015b\u0107 laurowy, ja\u0142owiec, czosnek, pieprz s\u00f3l. Szynka bia\u0142a sw\u00f3j charakterystyczny, jasny kolor zawdzi\u0119cza procesowi przygotowania. Parzona, a nie w\u0119dzona, dzi\u0119ki czemu jej powierzchnia nie br\u0105zowieje, a mi\u0119so nabiera wyj\u0105tkowej soczysto\u015bci.<\/p>\n","protected":false},"featured_media":1002,"comment_status":"open","ping_status":"closed","template":"","meta":{"_kadence_starter_templates_imported_post":false,"_kad_post_transparent":"default","_kad_post_title":"","_kad_post_layout":"default","_kad_post_sidebar_id":"","_kad_post_content_style":"default","_kad_post_vertical_padding":"default","_kad_post_feature":"","_kad_post_feature_position":"","_kad_post_header":false,"_kad_post_footer":false},"product_cat":[15],"product_tag":[],"class_list":{"0":"post-1049","1":"product","2":"type-product","3":"status-publish","4":"has-post-thumbnail","6":"product_cat-bez-kategorii","8":"first","9":"instock","10":"shipping-taxable","11":"purchasable","12":"product-type-variable","13":"has-default-attributes","14":"entry","15":"content-bg","16":"loop-entry"},"jetpack_sharing_enabled":true,"_links":{"self":[{"href":"https:\/\/wedliny-tonowo.pl\/index.php?rest_route=\/wp\/v2\/product\/1049","targetHints":{"allow":["GET"]}}],"collection":[{"href":"https:\/\/wedliny-tonowo.pl\/index.php?rest_route=\/wp\/v2\/product"}],"about":[{"href":"https:\/\/wedliny-tonowo.pl\/index.php?rest_route=\/wp\/v2\/types\/product"}],"replies":[{"embeddable":true,"href":"https:\/\/wedliny-tonowo.pl\/index.php?rest_route=%2Fwp%2Fv2%2Fcomments&post=1049"}],"wp:featuredmedia":[{"embeddable":true,"href":"https:\/\/wedliny-tonowo.pl\/index.php?rest_route=\/wp\/v2\/media\/1002"}],"wp:attachment":[{"href":"https:\/\/wedliny-tonowo.pl\/index.php?rest_route=%2Fwp%2Fv2%2Fmedia&parent=1049"}],"wp:term":[{"taxonomy":"product_cat","embeddable":true,"href":"https:\/\/wedliny-tonowo.pl\/index.php?rest_route=%2Fwp%2Fv2%2Fproduct_cat&post=1049"},{"taxonomy":"product_tag","embeddable":true,"href":"https:\/\/wedliny-tonowo.pl\/index.php?rest_route=%2Fwp%2Fv2%2Fproduct_tag&post=1049"}],"curies":[{"name":"wp","href":"https:\/\/api.w.org\/{rel}","templated":true}]}}