{"id":1065,"date":"2024-12-24T12:29:47","date_gmt":"2024-12-24T11:29:47","guid":{"rendered":"https:\/\/wedliny-tonowo.pl\/?post_type=product&#038;p=1065"},"modified":"2024-12-24T13:03:13","modified_gmt":"2024-12-24T12:03:13","slug":"schab-wedzony-parzony-50-pln-kg","status":"publish","type":"product","link":"https:\/\/wedliny-tonowo.pl\/?product=schab-wedzony-parzony-50-pln-kg","title":{"rendered":"Schab w\u0119dzony parzony 50,- PLN\/kg"},"content":{"rendered":"<p>Sk\u0142ad: \u015bwie\u017ce mi\u0119so wieprzowe przyprawy u\u017cyte do sporz\u0105dzenia zalewy li\u015b\u0107 laurowy, ja\u0142owiec, czosnek, pieprz, s\u00f3l d\u0142ugo peklowana, w\u0119dzona w umiarkowanej temperaturze. Zawiera ma\u0142o t\u0142uszczu, dzi\u0119ki czemu jest niskokaloryczna.<\/p>\n","protected":false},"excerpt":{"rendered":"<p>Sk\u0142ad: \u015bwie\u017ce mi\u0119so wieprzowe przyprawy u\u017cyte do sporz\u0105dzenia zalewy li\u015b\u0107 laurowy, ja\u0142owiec, czosnek, pieprz, s\u00f3l d\u0142ugo peklowana, w\u0119dzona w umiarkowanej temperaturze. Zawiera ma\u0142o t\u0142uszczu, dzi\u0119ki czemu jest niskokaloryczna.<\/p>\n","protected":false},"featured_media":957,"comment_status":"open","ping_status":"closed","template":"","meta":{"_kadence_starter_templates_imported_post":false,"_kad_post_transparent":"default","_kad_post_title":"","_kad_post_layout":"default","_kad_post_sidebar_id":"","_kad_post_content_style":"default","_kad_post_vertical_padding":"default","_kad_post_feature":"","_kad_post_feature_position":"","_kad_post_header":false,"_kad_post_footer":false},"product_cat":[15],"product_tag":[],"class_list":{"0":"post-1065","1":"product","2":"type-product","3":"status-publish","4":"has-post-thumbnail","6":"product_cat-bez-kategorii","8":"first","9":"instock","10":"shipping-taxable","11":"purchasable","12":"product-type-variable","13":"has-default-attributes","14":"entry","15":"content-bg","16":"loop-entry"},"jetpack_sharing_enabled":true,"_links":{"self":[{"href":"https:\/\/wedliny-tonowo.pl\/index.php?rest_route=\/wp\/v2\/product\/1065","targetHints":{"allow":["GET"]}}],"collection":[{"href":"https:\/\/wedliny-tonowo.pl\/index.php?rest_route=\/wp\/v2\/product"}],"about":[{"href":"https:\/\/wedliny-tonowo.pl\/index.php?rest_route=\/wp\/v2\/types\/product"}],"replies":[{"embeddable":true,"href":"https:\/\/wedliny-tonowo.pl\/index.php?rest_route=%2Fwp%2Fv2%2Fcomments&post=1065"}],"wp:featuredmedia":[{"embeddable":true,"href":"https:\/\/wedliny-tonowo.pl\/index.php?rest_route=\/wp\/v2\/media\/957"}],"wp:attachment":[{"href":"https:\/\/wedliny-tonowo.pl\/index.php?rest_route=%2Fwp%2Fv2%2Fmedia&parent=1065"}],"wp:term":[{"taxonomy":"product_cat","embeddable":true,"href":"https:\/\/wedliny-tonowo.pl\/index.php?rest_route=%2Fwp%2Fv2%2Fproduct_cat&post=1065"},{"taxonomy":"product_tag","embeddable":true,"href":"https:\/\/wedliny-tonowo.pl\/index.php?rest_route=%2Fwp%2Fv2%2Fproduct_tag&post=1065"}],"curies":[{"name":"wp","href":"https:\/\/api.w.org\/{rel}","templated":true}]}}