{"id":1097,"date":"2024-12-24T12:49:09","date_gmt":"2024-12-24T11:49:09","guid":{"rendered":"https:\/\/wedliny-tonowo.pl\/?post_type=product&#038;p=1097"},"modified":"2024-12-24T12:50:38","modified_gmt":"2024-12-24T11:50:38","slug":"kielbasa-sloikowa-400g-25-pln-szt","status":"publish","type":"product","link":"https:\/\/wedliny-tonowo.pl\/?product=kielbasa-sloikowa-400g-25-pln-szt","title":{"rendered":"Kie\u0142basa s\u0142oikowa 400g 25,- PLN\/szt."},"content":{"rendered":"<p>Sk\u0142ad: \u015bwie\u017ce mi\u0119so wieprzowe, s\u00f3l, pieprz, ga\u0142ka muszkato\u0142owa mielona, kolendra, papryka, majeranek, ja\u0142owiec, gorczyca, kminek . Wyrazi\u015bcie przyprawione delikatne mi\u0119so . Bardzo kruche w temperaturze pokojowej \u0142atwe do rozsmarowania na \u015bwie\u017cym i pachn\u0105cym chlebie.<\/p>\n","protected":false},"excerpt":{"rendered":"<p>Sk\u0142ad: \u015bwie\u017ce mi\u0119so wieprzowe, s\u00f3l, pieprz, ga\u0142ka muszkato\u0142owa mielona, kolendra, papryka, majeranek, ja\u0142owiec, gorczyca, kminek . Wyrazi\u015bcie przyprawione delikatne mi\u0119so . Bardzo kruche w temperaturze pokojowej \u0142atwe do rozsmarowania na \u015bwie\u017cym i pachn\u0105cym chlebie.<\/p>\n","protected":false},"featured_media":1101,"comment_status":"open","ping_status":"closed","template":"","meta":{"_kadence_starter_templates_imported_post":false,"_kad_post_transparent":"default","_kad_post_title":"","_kad_post_layout":"default","_kad_post_sidebar_id":"","_kad_post_content_style":"default","_kad_post_vertical_padding":"default","_kad_post_feature":"","_kad_post_feature_position":"","_kad_post_header":false,"_kad_post_footer":false},"product_cat":[15],"product_tag":[],"class_list":{"0":"post-1097","1":"product","2":"type-product","3":"status-publish","4":"has-post-thumbnail","6":"product_cat-bez-kategorii","8":"first","9":"instock","10":"shipping-taxable","11":"purchasable","12":"product-type-simple","13":"entry","14":"content-bg","15":"loop-entry"},"jetpack_sharing_enabled":true,"_links":{"self":[{"href":"https:\/\/wedliny-tonowo.pl\/index.php?rest_route=\/wp\/v2\/product\/1097","targetHints":{"allow":["GET"]}}],"collection":[{"href":"https:\/\/wedliny-tonowo.pl\/index.php?rest_route=\/wp\/v2\/product"}],"about":[{"href":"https:\/\/wedliny-tonowo.pl\/index.php?rest_route=\/wp\/v2\/types\/product"}],"replies":[{"embeddable":true,"href":"https:\/\/wedliny-tonowo.pl\/index.php?rest_route=%2Fwp%2Fv2%2Fcomments&post=1097"}],"wp:featuredmedia":[{"embeddable":true,"href":"https:\/\/wedliny-tonowo.pl\/index.php?rest_route=\/wp\/v2\/media\/1101"}],"wp:attachment":[{"href":"https:\/\/wedliny-tonowo.pl\/index.php?rest_route=%2Fwp%2Fv2%2Fmedia&parent=1097"}],"wp:term":[{"taxonomy":"product_cat","embeddable":true,"href":"https:\/\/wedliny-tonowo.pl\/index.php?rest_route=%2Fwp%2Fv2%2Fproduct_cat&post=1097"},{"taxonomy":"product_tag","embeddable":true,"href":"https:\/\/wedliny-tonowo.pl\/index.php?rest_route=%2Fwp%2Fv2%2Fproduct_tag&post=1097"}],"curies":[{"name":"wp","href":"https:\/\/api.w.org\/{rel}","templated":true}]}}