{"id":1103,"date":"2024-12-24T12:50:51","date_gmt":"2024-12-24T11:50:51","guid":{"rendered":"https:\/\/wedliny-tonowo.pl\/?post_type=product&#038;p=1103"},"modified":"2024-12-24T12:52:05","modified_gmt":"2024-12-24T11:52:05","slug":"kaszanka-30-pln-kg","status":"publish","type":"product","link":"https:\/\/wedliny-tonowo.pl\/?product=kaszanka-30-pln-kg","title":{"rendered":"Kaszanka 30,- PLN\/kg"},"content":{"rendered":"<p>Sk\u0142ad: \u015bwie\u017ce mi\u0119so wieprzowe, kasza j\u0119czmienna, s\u00f3l, pieprz, majeranek . Nasza kaszanka to doskona\u0142y wyb\u00f3r dla mi\u0142o\u015bnik\u00f3w w\u0119dlin o bogatym i intensywnym smaku. Kaszanka jest wytwarzana z mieszanki wieprzowego mi\u0119sa, krwi, kaszy oraz przypraw, dzi\u0119ki czemu posiada wyj\u0105tkowy smak i aromat.<\/p>\n","protected":false},"excerpt":{"rendered":"<p>Sk\u0142ad: \u015bwie\u017ce mi\u0119so wieprzowe, kasza j\u0119czmienna, s\u00f3l, pieprz, majeranek . Nasza kaszanka to doskona\u0142y wyb\u00f3r dla mi\u0142o\u015bnik\u00f3w w\u0119dlin o bogatym i intensywnym smaku. Kaszanka jest wytwarzana z mieszanki wieprzowego mi\u0119sa, krwi, kaszy oraz przypraw, dzi\u0119ki czemu posiada wyj\u0105tkowy smak i aromat.<\/p>\n","protected":false},"featured_media":958,"comment_status":"open","ping_status":"closed","template":"","meta":{"_kadence_starter_templates_imported_post":false,"_kad_post_transparent":"default","_kad_post_title":"","_kad_post_layout":"default","_kad_post_sidebar_id":"","_kad_post_content_style":"default","_kad_post_vertical_padding":"default","_kad_post_feature":"","_kad_post_feature_position":"","_kad_post_header":false,"_kad_post_footer":false},"product_cat":[15],"product_tag":[],"class_list":{"0":"post-1103","1":"product","2":"type-product","3":"status-publish","4":"has-post-thumbnail","6":"product_cat-bez-kategorii","8":"first","9":"instock","10":"shipping-taxable","11":"purchasable","12":"product-type-variable","13":"has-default-attributes","14":"entry","15":"content-bg","16":"loop-entry"},"jetpack_sharing_enabled":true,"_links":{"self":[{"href":"https:\/\/wedliny-tonowo.pl\/index.php?rest_route=\/wp\/v2\/product\/1103","targetHints":{"allow":["GET"]}}],"collection":[{"href":"https:\/\/wedliny-tonowo.pl\/index.php?rest_route=\/wp\/v2\/product"}],"about":[{"href":"https:\/\/wedliny-tonowo.pl\/index.php?rest_route=\/wp\/v2\/types\/product"}],"replies":[{"embeddable":true,"href":"https:\/\/wedliny-tonowo.pl\/index.php?rest_route=%2Fwp%2Fv2%2Fcomments&post=1103"}],"wp:featuredmedia":[{"embeddable":true,"href":"https:\/\/wedliny-tonowo.pl\/index.php?rest_route=\/wp\/v2\/media\/958"}],"wp:attachment":[{"href":"https:\/\/wedliny-tonowo.pl\/index.php?rest_route=%2Fwp%2Fv2%2Fmedia&parent=1103"}],"wp:term":[{"taxonomy":"product_cat","embeddable":true,"href":"https:\/\/wedliny-tonowo.pl\/index.php?rest_route=%2Fwp%2Fv2%2Fproduct_cat&post=1103"},{"taxonomy":"product_tag","embeddable":true,"href":"https:\/\/wedliny-tonowo.pl\/index.php?rest_route=%2Fwp%2Fv2%2Fproduct_tag&post=1103"}],"curies":[{"name":"wp","href":"https:\/\/api.w.org\/{rel}","templated":true}]}}