{"id":1108,"date":"2024-12-24T12:53:37","date_gmt":"2024-12-24T11:53:37","guid":{"rendered":"https:\/\/wedliny-tonowo.pl\/?post_type=product&#038;p=1108"},"modified":"2025-04-08T19:23:14","modified_gmt":"2025-04-08T17:23:14","slug":"salceson-bialy-30-pln-kg","status":"publish","type":"product","link":"https:\/\/wedliny-tonowo.pl\/?product=salceson-bialy-30-pln-kg","title":{"rendered":"Salceson bia\u0142y 30,- PLN\/kg"},"content":{"rendered":"<p>Sk\u0142ad: \u015bwie\u017ce mi\u0119so wieprzowe, s\u00f3l, pieprz, majeranek. D\u0142ugo gotowane golonki, ozorki oraz g\u0142owy z czasem tworz\u0105 wspania\u0142y bulion dope\u0142niony zielem angielskim oraz li\u015bciem laurowym. Dzi\u0119ki wysokiej zawarto\u015bci kolagenu, powsta\u0142y bulion z czasem tworzy salceson.<\/p>\n","protected":false},"excerpt":{"rendered":"<p>Sk\u0142ad: \u015bwie\u017ce mi\u0119so wieprzowe, s\u00f3l, pieprz, majeranek. D\u0142ugo gotowane golonki, ozorki oraz g\u0142owy z czasem tworz\u0105 wspania\u0142y bulion dope\u0142niony zielem angielskim oraz li\u015bciem laurowym. Dzi\u0119ki wysokiej zawarto\u015bci kolagenu, powsta\u0142y bulion z czasem tworzy salceson.<\/p>\n","protected":false},"featured_media":960,"comment_status":"open","ping_status":"closed","template":"","meta":{"_kadence_starter_templates_imported_post":false,"_kad_post_transparent":"default","_kad_post_title":"","_kad_post_layout":"default","_kad_post_sidebar_id":"","_kad_post_content_style":"default","_kad_post_vertical_padding":"default","_kad_post_feature":"","_kad_post_feature_position":"","_kad_post_header":false,"_kad_post_footer":false},"product_cat":[15],"product_tag":[],"class_list":{"0":"post-1108","1":"product","2":"type-product","3":"status-publish","4":"has-post-thumbnail","6":"product_cat-bez-kategorii","8":"first","9":"instock","10":"shipping-taxable","11":"purchasable","12":"product-type-variable","13":"has-default-attributes","14":"entry","15":"content-bg","16":"loop-entry"},"jetpack_sharing_enabled":true,"_links":{"self":[{"href":"https:\/\/wedliny-tonowo.pl\/index.php?rest_route=\/wp\/v2\/product\/1108","targetHints":{"allow":["GET"]}}],"collection":[{"href":"https:\/\/wedliny-tonowo.pl\/index.php?rest_route=\/wp\/v2\/product"}],"about":[{"href":"https:\/\/wedliny-tonowo.pl\/index.php?rest_route=\/wp\/v2\/types\/product"}],"replies":[{"embeddable":true,"href":"https:\/\/wedliny-tonowo.pl\/index.php?rest_route=%2Fwp%2Fv2%2Fcomments&post=1108"}],"wp:featuredmedia":[{"embeddable":true,"href":"https:\/\/wedliny-tonowo.pl\/index.php?rest_route=\/wp\/v2\/media\/960"}],"wp:attachment":[{"href":"https:\/\/wedliny-tonowo.pl\/index.php?rest_route=%2Fwp%2Fv2%2Fmedia&parent=1108"}],"wp:term":[{"taxonomy":"product_cat","embeddable":true,"href":"https:\/\/wedliny-tonowo.pl\/index.php?rest_route=%2Fwp%2Fv2%2Fproduct_cat&post=1108"},{"taxonomy":"product_tag","embeddable":true,"href":"https:\/\/wedliny-tonowo.pl\/index.php?rest_route=%2Fwp%2Fv2%2Fproduct_tag&post=1108"}],"curies":[{"name":"wp","href":"https:\/\/api.w.org\/{rel}","templated":true}]}}