{"id":1159,"date":"2024-12-30T15:59:48","date_gmt":"2024-12-30T14:59:48","guid":{"rendered":"https:\/\/wedliny-tonowo.pl\/?post_type=product&#038;p=1159"},"modified":"2025-01-28T11:07:54","modified_gmt":"2025-01-28T10:07:54","slug":"mini-paczka-wedlin","status":"publish","type":"product","link":"https:\/\/wedliny-tonowo.pl\/?product=mini-paczka-wedlin","title":{"rendered":"Mini Paczka W\u0119dlin"},"content":{"rendered":"<p>Zawiera:<\/p>\n<ul>\n<li>szynka w\u0119dzona,<\/li>\n<li>kie\u0142basa polska,<\/li>\n<li>kie\u0142basa \u015bl\u0105ska,<\/li>\n<li>kie\u0142basa \u017cywiecka,<\/li>\n<li>kie\u0142basa s\u0142oikowa,<\/li>\n<li>pasztetowa,<\/li>\n<li>kaszanka,salceson,<\/li>\n<li>boczek w\u0119dzony.<\/li>\n<\/ul>\n<p>Waga w\u0119dlin netto 3,75 kg<\/p>\n<p>Opakowanie styropianowe wk\u0142ad ch\u0142odz\u0105cy oraz wysy\u0142ka w cenie<\/p>\n","protected":false},"excerpt":{"rendered":"<p>Mini Paczka W\u0119dlin 3,75 kg<\/p>\n<p>Opakowanie i dostawa GRATIS!<\/p>\n","protected":false},"featured_media":1001,"comment_status":"open","ping_status":"closed","template":"","meta":{"_kadence_starter_templates_imported_post":false,"_kad_post_transparent":"default","_kad_post_title":"","_kad_post_layout":"default","_kad_post_sidebar_id":"","_kad_post_content_style":"default","_kad_post_vertical_padding":"default","_kad_post_feature":"","_kad_post_feature_position":"","_kad_post_header":false,"_kad_post_footer":false},"product_cat":[46],"product_tag":[],"class_list":{"0":"post-1159","1":"product","2":"type-product","3":"status-publish","4":"has-post-thumbnail","6":"product_cat-paczka-wedlin","8":"first","9":"instock","10":"featured","11":"shipping-taxable","12":"purchasable","13":"product-type-simple","14":"entry","15":"content-bg","16":"loop-entry"},"jetpack_sharing_enabled":true,"_links":{"self":[{"href":"https:\/\/wedliny-tonowo.pl\/index.php?rest_route=\/wp\/v2\/product\/1159","targetHints":{"allow":["GET"]}}],"collection":[{"href":"https:\/\/wedliny-tonowo.pl\/index.php?rest_route=\/wp\/v2\/product"}],"about":[{"href":"https:\/\/wedliny-tonowo.pl\/index.php?rest_route=\/wp\/v2\/types\/product"}],"replies":[{"embeddable":true,"href":"https:\/\/wedliny-tonowo.pl\/index.php?rest_route=%2Fwp%2Fv2%2Fcomments&post=1159"}],"wp:featuredmedia":[{"embeddable":true,"href":"https:\/\/wedliny-tonowo.pl\/index.php?rest_route=\/wp\/v2\/media\/1001"}],"wp:attachment":[{"href":"https:\/\/wedliny-tonowo.pl\/index.php?rest_route=%2Fwp%2Fv2%2Fmedia&parent=1159"}],"wp:term":[{"taxonomy":"product_cat","embeddable":true,"href":"https:\/\/wedliny-tonowo.pl\/index.php?rest_route=%2Fwp%2Fv2%2Fproduct_cat&post=1159"},{"taxonomy":"product_tag","embeddable":true,"href":"https:\/\/wedliny-tonowo.pl\/index.php?rest_route=%2Fwp%2Fv2%2Fproduct_tag&post=1159"}],"curies":[{"name":"wp","href":"https:\/\/api.w.org\/{rel}","templated":true}]}}